{"id":42,"date":"2020-11-05T01:04:10","date_gmt":"2020-11-05T01:04:10","guid":{"rendered":"http:\/\/modern-triz.de\/?page_id=42"},"modified":"2021-03-22T08:18:14","modified_gmt":"2021-03-22T08:18:14","slug":"impressum","status":"publish","type":"page","link":"http:\/\/s2m.berlin\/en\/impressum\/","title":{"rendered":"Impressum"},"content":{"rendered":"<div data-elementor-type=\"wp-page\" data-elementor-id=\"42\" class=\"elementor elementor-42\" data-elementor-settings=\"[]\">\n\t\t\t\t\t\t<div class=\"elementor-inner\">\n\t\t\t\t\t\t\t<div class=\"elementor-section-wrap\">\n\t\t\t\t\t\t\t<section class=\"elementor-section elementor-top-section elementor-element elementor-element-e3a8062 elementor-section-stretched elementor-section-boxed elementor-section-height-default elementor-section-height-default\" data-id=\"e3a8062\" data-element_type=\"section\" data-settings=\"{&quot;stretch_section&quot;:&quot;section-stretched&quot;}\">\n\t\t\t\t\t\t<div class=\"elementor-container elementor-column-gap-default\">\n\t\t\t\t\t\t\t<div class=\"elementor-row\">\n\t\t\t\t\t<div class=\"elementor-column elementor-col-50 elementor-top-column elementor-element elementor-element-a7aa1b9\" data-id=\"a7aa1b9\" data-element_type=\"column\">\n\t\t\t<div class=\"elementor-column-wrap elementor-element-populated\">\n\t\t\t\t\t\t\t<div class=\"elementor-widget-wrap\">\n\t\t\t\t\t\t<div class=\"elementor-element elementor-element-f0a5fb5 elementor-widget__width-initial elementor-widget elementor-widget-image\" data-id=\"f0a5fb5\" data-element_type=\"widget\" data-widget_type=\"image.default\">\n\t\t\t\t<div class=\"elementor-widget-container\">\n\t\t\t\t\t<div class=\"elementor-image\">\n\t\t\t\t\t\t\t\t\t\t\t<a href=\"http:\/\/modern-triz.de\">\n\t\t\t\t\t\t\t<img width=\"165\" height=\"217\" src=\"http:\/\/s2m.berlin\/wp-content\/uploads\/2020\/11\/logo.jpg\" class=\"attachment-large size-large\" alt=\"\" loading=\"lazy\" \/>\t\t\t\t\t\t\t\t<\/a>\n\t\t\t\t\t\t\t\t\t\t\t<\/div>\n\t\t\t\t<\/div>\n\t\t\t\t<\/div>\n\t\t\t\t\t\t<\/div>\n\t\t\t\t\t<\/div>\n\t\t<\/div>\n\t\t\t\t<div class=\"elementor-column elementor-col-50 elementor-top-column elementor-element elementor-element-df7aab3\" data-id=\"df7aab3\" data-element_type=\"column\">\n\t\t\t<div class=\"elementor-column-wrap elementor-element-populated\">\n\t\t\t\t\t\t\t<div class=\"elementor-widget-wrap\">\n\t\t\t\t\t\t<div class=\"elementor-element elementor-element-0e84f8f hfe-nav-menu__align-right hfe-submenu-icon-arrow hfe-submenu-animation-none hfe-link-redirect-child hfe-nav-menu__breakpoint-tablet elementor-widget elementor-widget-navigation-menu\" data-id=\"0e84f8f\" data-element_type=\"widget\" data-widget_type=\"navigation-menu.default\">\n\t\t\t\t<div class=\"elementor-widget-container\">\n\t\t\t\t\t\t<div class=\"hfe-nav-menu hfe-layout-horizontal hfe-nav-menu-layout horizontal hfe-pointer__none\" data-layout=\"horizontal\">\n\t\t\t\t<div class=\"hfe-nav-menu__toggle elementor-clickable\">\n\t\t\t\t\t<div class=\"hfe-nav-menu-icon\">\n\t\t\t\t\t\t<i aria-hidden=\"true\" tabindex=\"0\" class=\"fas fa-align-justify\"><\/i>\t\t\t\t\t<\/div>\n\t\t\t\t<\/div>\n\t\t\t\t<nav class=\"hfe-nav-menu__layout-horizontal hfe-nav-menu__submenu-arrow\" data-toggle-icon=\"&lt;i aria-hidden=&quot;true&quot; tabindex=&quot;0&quot; class=&quot;fas fa-align-justify&quot;&gt;&lt;\/i&gt;\" data-close-icon=\"&lt;i aria-hidden=&quot;true&quot; tabindex=&quot;0&quot; class=&quot;far fa-window-close&quot;&gt;&lt;\/i&gt;\" data-full-width=\"yes\"><ul id=\"menu-1-0e84f8f\" class=\"hfe-nav-menu\"><li id=\"menu-item-84\" class=\"menu-item menu-item-type-post_type menu-item-object-page menu-item-home parent hfe-creative-menu\"><a href=\"http:\/\/s2m.berlin\/en\/\" class = \"hfe-menu-item\">HOME<\/a><\/li>\n<li id=\"menu-item-81\" class=\"menu-item menu-item-type-post_type menu-item-object-page menu-item-has-children parent hfe-has-submenu hfe-creative-menu\"><div class=\"hfe-has-submenu-container\"><a href=\"http:\/\/s2m.berlin\/en\/profil\/\" class = \"hfe-menu-item\">PROFILE<span class='hfe-menu-toggle sub-arrow hfe-menu-child-0'><i class='fa'><\/i><\/span><\/a><\/div>\n<ul class=\"sub-menu\">\n\t<li id=\"menu-item-1344\" class=\"menu-item menu-item-type-post_type menu-item-object-page hfe-creative-menu\"><a href=\"http:\/\/s2m.berlin\/en\/profil\/technologie-und-produktentwicklung\/\" class = \"hfe-sub-menu-item\">Technologie- und Produktentwicklung<\/a><\/li>\n<\/ul>\n<\/li>\n<li id=\"menu-item-975\" class=\"menu-item menu-item-type-post_type menu-item-object-page parent hfe-creative-menu\"><a href=\"http:\/\/s2m.berlin\/en\/people\/\" class = \"hfe-menu-item\">PERSONS<\/a><\/li>\n<li id=\"menu-item-82\" class=\"menu-item menu-item-type-post_type menu-item-object-page parent hfe-creative-menu\"><a href=\"http:\/\/s2m.berlin\/en\/kontakt\/\" class = \"hfe-menu-item\">CONTACT<\/a><\/li>\n<li id=\"menu-item-83\" class=\"menu-item menu-item-type-post_type menu-item-object-page parent hfe-creative-menu\"><a href=\"http:\/\/s2m.berlin\/en\/impressum\/\" class = \"hfe-menu-item\">IMPRINT<\/a><\/li>\n<li id=\"menu-item-679\" class=\"trp-language-switcher-container menu-item menu-item-type-post_type menu-item-object-language_switcher parent hfe-creative-menu\"><a href=\"http:\/\/s2m.berlin\/wp-json\/wp\/v2\/pages\/42\/\" class = \"hfe-menu-item\"><span data-no-translation><img loading=\"lazy\" class=\"trp-flag-image\" src=\"http:\/\/s2m.berlin\/wp-content\/plugins\/translatepress-multilingual\/assets\/images\/flags\/de_DE.png\" width=\"18\" height=\"12\" alt=\"de_DE\" title=\"German\"><\/span><\/a><\/li>\n<li id=\"menu-item-723\" class=\"trp-language-switcher-container menu-item menu-item-type-post_type menu-item-object-language_switcher parent hfe-creative-menu\"><a href=\"http:\/\/s2m.berlin\/en\/wp-json\/wp\/v2\/pages\/42\" class = \"hfe-menu-item\"><span data-no-translation><img loading=\"lazy\" class=\"trp-flag-image\" src=\"http:\/\/s2m.berlin\/wp-content\/plugins\/translatepress-multilingual\/assets\/images\/flags\/en_GB.png\" width=\"18\" height=\"12\" alt=\"en_GB\" title=\"English\"><\/span><\/a><\/li>\n<\/ul><\/nav>              \n\t\t\t<\/div>\n\t\t\t\t\t<\/div>\n\t\t\t\t<\/div>\n\t\t\t\t\t\t<\/div>\n\t\t\t\t\t<\/div>\n\t\t<\/div>\n\t\t\t\t\t\t\t\t<\/div>\n\t\t\t\t\t<\/div>\n\t\t<\/section>\n\t\t\t\t<section class=\"elementor-section elementor-top-section elementor-element elementor-element-b69133f elementor-section-height-min-height elementor-section-stretched elementor-section-boxed elementor-section-height-default elementor-section-items-middle\" data-id=\"b69133f\" data-element_type=\"section\" data-settings=\"{&quot;background_background&quot;:&quot;classic&quot;,&quot;stretch_section&quot;:&quot;section-stretched&quot;}\">\n\t\t\t\t\t\t<div class=\"elementor-container elementor-column-gap-default\">\n\t\t\t\t\t\t\t<div class=\"elementor-row\">\n\t\t\t\t\t<div class=\"elementor-column elementor-col-100 elementor-top-column elementor-element elementor-element-e7ab38b\" data-id=\"e7ab38b\" data-element_type=\"column\">\n\t\t\t<div class=\"elementor-column-wrap elementor-element-populated\">\n\t\t\t\t\t\t\t<div class=\"elementor-widget-wrap\">\n\t\t\t\t\t\t<div class=\"elementor-element elementor-element-35afccc elementor-widget__width-initial elementor-invisible elementor-widget elementor-widget-heading\" data-id=\"35afccc\" data-element_type=\"widget\" data-settings=\"{&quot;_animation&quot;:&quot;fadeInDown&quot;}\" data-widget_type=\"heading.default\">\n\t\t\t\t<div class=\"elementor-widget-container\">\n\t\t\t<h1 class=\"elementor-heading-title elementor-size-default\"><span style=\"color: rgb(102, 102, 102); font-family: &quot;Roboto Condensed&quot;, sans-serif; font-size: 34px; font-style: italic; font-weight: 400; white-space: normal; background-color: rgba(255, 255, 255, 0.9);\"><font style=\"vertical-align: inherit;\"><font style=\"vertical-align: inherit;\"><font style=\"vertical-align: inherit;\"><font style=\"vertical-align: inherit;\"><font style=\"vertical-align: inherit;\"><font style=\"vertical-align: inherit;\"><font style=\"vertical-align: inherit;\"><font style=\"vertical-align: inherit;\"><font style=\"vertical-align: inherit;\"><font style=\"vertical-align: inherit;\">\"Progress lives from the exchange of knowledge.\"<\/font><\/font><\/font><\/font><\/font><\/font><\/font><\/font><\/font><\/font><\/span><h5 style=\"margin-top: 10px; margin-bottom: 0px; font-style: normal; font-variant-numeric: inherit; font-variant-east-asian: inherit; font-stretch: inherit; font-family: &quot;Roboto Condensed&quot;, sans-serif; font-size: 14px; line-height: 21px; text-transform: uppercase; color: rgb(102, 102, 102); white-space: normal;\"><font style=\"vertical-align: inherit;\"><font style=\"vertical-align: inherit;\"><font style=\"vertical-align: inherit;\"><font style=\"vertical-align: inherit;\"><font style=\"vertical-align: inherit;\"><font style=\"vertical-align: inherit;\"><font style=\"vertical-align: inherit;\"><font style=\"vertical-align: inherit;\"><font style=\"vertical-align: inherit;\"><font style=\"vertical-align: inherit;\">ALBERT EINSTEIN (1879-1955)<\/font><\/font><\/font><\/font><\/font><\/font><\/font><\/font><\/font><\/font><font style=\"vertical-align: inherit;\"><font style=\"vertical-align: inherit;\"><\/font><\/font><\/h5><font style=\"vertical-align: inherit;\"><font style=\"vertical-align: inherit;\"><\/font><\/font><br><\/h1>\t\t<\/div>\n\t\t\t\t<\/div>\n\t\t\t\t\t\t<\/div>\n\t\t\t\t\t<\/div>\n\t\t<\/div>\n\t\t\t\t\t\t\t\t<\/div>\n\t\t\t\t\t<\/div>\n\t\t<\/section>\n\t\t\t\t<section class=\"elementor-section elementor-top-section elementor-element elementor-element-ecc6f07 elementor-section-full_width elementor-section-stretched elementor-section-height-default elementor-section-height-default\" data-id=\"ecc6f07\" data-element_type=\"section\" data-settings=\"{&quot;stretch_section&quot;:&quot;section-stretched&quot;}\">\n\t\t\t\t\t\t<div class=\"elementor-container elementor-column-gap-default\">\n\t\t\t\t\t\t\t<div class=\"elementor-row\">\n\t\t\t\t\t<div class=\"elementor-column elementor-col-100 elementor-top-column elementor-element elementor-element-e98d881\" data-id=\"e98d881\" data-element_type=\"column\">\n\t\t\t<div class=\"elementor-column-wrap elementor-element-populated\">\n\t\t\t\t\t\t\t<div class=\"elementor-widget-wrap\">\n\t\t\t\t\t\t<div class=\"elementor-element elementor-element-c39dd94 elementor-widget elementor-widget-spacer\" data-id=\"c39dd94\" data-element_type=\"widget\" data-widget_type=\"spacer.default\">\n\t\t\t\t<div class=\"elementor-widget-container\">\n\t\t\t\t\t<div class=\"elementor-spacer\">\n\t\t\t<div class=\"elementor-spacer-inner\"><\/div>\n\t\t<\/div>\n\t\t\t\t<\/div>\n\t\t\t\t<\/div>\n\t\t\t\t\t\t<\/div>\n\t\t\t\t\t<\/div>\n\t\t<\/div>\n\t\t\t\t\t\t\t\t<\/div>\n\t\t\t\t\t<\/div>\n\t\t<\/section>\n\t\t\t\t<section class=\"elementor-section elementor-top-section elementor-element elementor-element-8730049 elementor-section-stretched elementor-section-boxed elementor-section-height-default elementor-section-height-default\" data-id=\"8730049\" data-element_type=\"section\" data-settings=\"{&quot;stretch_section&quot;:&quot;section-stretched&quot;}\">\n\t\t\t\t\t\t\t<div class=\"elementor-background-overlay\"><\/div>\n\t\t\t\t\t\t\t<div class=\"elementor-container elementor-column-gap-default\">\n\t\t\t\t\t\t\t<div class=\"elementor-row\">\n\t\t\t\t\t<div class=\"elementor-column elementor-col-66 elementor-top-column elementor-element elementor-element-11213e1\" data-id=\"11213e1\" data-element_type=\"column\">\n\t\t\t<div class=\"elementor-column-wrap elementor-element-populated\">\n\t\t\t\t\t\t\t<div class=\"elementor-widget-wrap\">\n\t\t\t\t\t\t<div class=\"elementor-element elementor-element-a5f0766 elementor-widget elementor-widget-text-editor\" data-id=\"a5f0766\" data-element_type=\"widget\" data-widget_type=\"text-editor.default\">\n\t\t\t\t<div class=\"elementor-widget-container\">\n\t\t\t\t\t<div class=\"elementor-text-editor elementor-clearfix\"><h4 style=\"margin-bottom: 0px; font-style: normal; font-variant-numeric: inherit; font-variant-east-asian: inherit; font-weight: 400; font-stretch: inherit; font-size: 35px; line-height: 50px; text-transform: uppercase; color: rgb(51, 51, 51); letter-spacing: 0.5px;\">IMPRINT<\/h4>\n<p><br style=\"color: rgb(51, 51, 51); font-family: &quot;Roboto Condensed&quot;, sans-serif; letter-spacing: 0.5px;\"><\/p>\n<p style=\"margin-bottom: 10px; font-style: normal; font-variant-numeric: inherit; font-variant-east-asian: inherit; font-weight: 200; font-stretch: inherit; font-family: &quot;Roboto Condensed&quot;, sans-serif; font-size: 15px; line-height: 21px; text-align: justify; color: rgb(51, 51, 51); letter-spacing: 0.5px;\">s2m &#8211; Gesellschaft f\u00fcr Technologietransfer mbH<br>Kurf\u00fcrstendamm 28<br>10719 Berlin<\/p>\n<p style=\"margin-bottom: 10px; font-style: normal; font-variant-numeric: inherit; font-variant-east-asian: inherit; font-weight: 200; font-stretch: inherit; font-family: &quot;Roboto Condensed&quot;, sans-serif; font-size: 15px; line-height: 21px; text-align: justify; color: rgb(51, 51, 51); letter-spacing: 0.5px;\">Telefon: +49 (0)172 \/ 84 555 99<br>E-Mail:&nbsp;<a href=\"mailto:info@s2m.berlin\" style=\"font-variant: inherit; font-stretch: inherit; font-size: 15px; line-height: 21px; color: rgb(51, 122, 183); outline-style: none !important; outline-width: initial !important;\">info@s2m.berlin<\/a><br><\/p>\n<p style=\"margin-bottom: 10px; font-style: normal; font-variant-numeric: inherit; font-variant-east-asian: inherit; font-weight: 200; font-stretch: inherit; font-family: &quot;Roboto Condensed&quot;, sans-serif; font-size: 15px; line-height: 21px; text-align: justify; color: rgb(51, 51, 51); letter-spacing: 0.5px;\"><span style=\"font-variant: inherit; font-weight: 700; font-stretch: inherit; font-size: 15px; line-height: 21px;\">Vertreten durch:<\/span><br>Dr.-Ing. Carsten S. Schr\u00f6der<\/p>\n<p style=\"margin-bottom: 10px; font-style: normal; font-variant-numeric: inherit; font-variant-east-asian: inherit; font-weight: 200; font-stretch: inherit; font-family: &quot;Roboto Condensed&quot;, sans-serif; font-size: 15px; line-height: 21px; text-align: justify; color: rgb(51, 51, 51); letter-spacing: 0.5px;\"><span style=\"font-variant: inherit; font-weight: 700; font-stretch: inherit; font-size: 15px; line-height: 21px;\">Registereintrag:<\/span><br>Eingetragen im Handelsregister.<br>Registergericht: Berlin Charlottenburg HRB<br>Registernummer: 172833<\/p>\n<h3 style=\"margin-top: 40px; margin-bottom: 25px; font-style: normal; font-variant-numeric: inherit; font-variant-east-asian: inherit; font-weight: 400; font-stretch: inherit; font-size: 25px; line-height: 32px; text-transform: uppercase; color: rgb(51, 51, 51); letter-spacing: 0.5px;\">DISCLAIMER \u2013 RECHTLICHE HINWEISE<\/h3>\n<h3 style=\"margin-top: 40px; margin-bottom: 25px; font-style: normal; font-variant-numeric: inherit; font-variant-east-asian: inherit; font-weight: 400; font-stretch: inherit; font-size: 25px; line-height: 32px; text-transform: uppercase; color: rgb(51, 51, 51); letter-spacing: 0.5px;\">\u00a7 1 WARNHINWEIS ZU INHALTEN<\/h3>\n<p style=\"margin-bottom: 10px; font-style: normal; font-variant-numeric: inherit; font-variant-east-asian: inherit; font-weight: 200; font-stretch: inherit; font-family: &quot;Roboto Condensed&quot;, sans-serif; font-size: 15px; line-height: 21px; text-align: justify; color: rgb(51, 51, 51); letter-spacing: 0.5px;\"><span style=\"font-size: 15px; font-style: normal; font-weight: 200; text-align: start;\">Die kostenlosen und frei zug\u00e4nglichen Inhalte dieser Webseite wurden mit gr\u00f6\u00dftm\u00f6glicher Sorgfalt erstellt. Der Anbieter dieser Webseite \u00fcbernimmt jedoch keine Gew\u00e4hr f\u00fcr die Richtigkeit und Aktualit\u00e4t der bereitgestellten kostenlosen und frei zug\u00e4nglichen journalistischen Ratgeber und Nachrichten. Namentlich gekennzeichnete Beitr\u00e4ge geben die Meinung des jeweiligen Autors und nicht immer die Meinung des Anbieters wieder. Allein durch den Aufruf der kostenlosen und frei zug\u00e4nglichen Inhalte kommt keinerlei Vertragsverh\u00e4ltnis zwischen dem Nutzer und dem Anbieter zustande, insoweit fehlt es am Rechtsbindungswillen des Anbieters.<\/span><br><\/p>\n<h3 style=\"margin-top: 40px; margin-bottom: 25px; font-style: normal; font-variant-numeric: inherit; font-variant-east-asian: inherit; font-weight: 400; font-stretch: inherit; font-size: 25px; line-height: 32px; text-transform: uppercase; color: rgb(51, 51, 51); letter-spacing: 0.5px;\">\u00a7 2 EXTERNE LINKS<\/h3>\n<p style=\"margin-bottom: 10px; font-style: normal; font-variant-numeric: inherit; font-variant-east-asian: inherit; font-weight: 200; font-stretch: inherit; font-family: &quot;Roboto Condensed&quot;, sans-serif; font-size: 15px; line-height: 21px; text-align: justify; color: rgb(51, 51, 51); letter-spacing: 0.5px;\"><span style=\"font-size: 15px; font-style: normal; font-weight: 200; text-align: start;\">Diese Website enth\u00e4lt Verkn\u00fcpfungen zu Websites Dritter (&#8222;externe Links&#8220;). Diese Websites unterliegen der Haftung der jeweiligen Betreiber. Der Anbieter hat bei der erstmaligen Verkn\u00fcpfung der externen Links die fremden Inhalte daraufhin \u00fcberpr\u00fcft, ob etwaige Rechtsverst\u00f6\u00dfe bestehen. Zu dem Zeitpunkt waren keine Rechtsverst\u00f6\u00dfe ersichtlich. Der Anbieter hat keinerlei Einfluss auf die aktuelle und zuk\u00fcnftige Gestaltung und auf die Inhalte der verkn\u00fcpften Seiten. Das Setzen von externen Links bedeutet nicht, dass sich der Anbieter die hinter dem Verweis oder Link liegenden Inhalte zu Eigen macht. Eine st\u00e4ndige Kontrolle der externen Links ist f\u00fcr den Anbieter ohne konkrete Hinweise auf Rechtsverst\u00f6\u00dfe nicht zumutbar. Bei Kenntnis von Rechtsverst\u00f6\u00dfen werden jedoch derartige externe Links unverz\u00fcglich gel\u00f6scht.<\/span><span style=\"font-size: 15px; font-style: normal; font-weight: 200; text-align: start;\"><br><\/span><\/p>\n<h3 style=\"margin-top: 40px; margin-bottom: 25px; font-style: normal; font-variant-numeric: inherit; font-variant-east-asian: inherit; font-weight: 400; font-stretch: inherit; font-size: 25px; line-height: 32px; text-transform: uppercase; color: rgb(51, 51, 51); letter-spacing: 0.5px;\">\u00a7 3 URHEBER- UND LEISTUNGSSCHUTZRECHTE<\/h3>\n<p style=\"margin-bottom: 10px; font-style: normal; font-variant-numeric: inherit; font-variant-east-asian: inherit; font-weight: 200; font-stretch: inherit; font-family: &quot;Roboto Condensed&quot;, sans-serif; font-size: 15px; line-height: 21px; text-align: justify; color: rgb(51, 51, 51); letter-spacing: 0.5px;\"><span style=\"font-size: 15px; font-style: normal; font-weight: 200; text-align: start;\">Die auf dieser Website ver\u00f6ffentlichten Inhalte unterliegen dem deutschen Urheber- und Leistungsschutzrecht. Jede vom deutschen Urheber- und Leistungsschutzrecht nicht zugelassene Verwertung bedarf der vorherigen schriftlichen Zustimmung des Anbieters oder jeweiligen Rechteinhabers. Dies gilt insbesondere f\u00fcr Vervielf\u00e4ltigung, Bearbeitung, \u00dcbersetzung, Einspeicherung, Verarbeitung bzw. Wiedergabe von Inhalten in Datenbanken oder anderen elektronischen Medien und Systemen. Inhalte und Rechte Dritter sind dabei als solche gekennzeichnet. Die unerlaubte Vervielf\u00e4ltigung oder Weitergabe einzelner Inhalte oder kompletter Seiten ist nicht gestattet und strafbar. Lediglich die Herstellung von Kopien und Downloads f\u00fcr den pers\u00f6nlichen, privaten und nicht kommerziellen Gebrauch ist erlaubt.<\/span><br style=\"text-align: start;\"><br style=\"text-align: start;\"><span style=\"font-size: 15px; font-style: normal; font-weight: 200; text-align: start;\">Die Darstellung dieser Website in fremden Frames ist nur mit schriftlicher Erlaubnis zul\u00e4ssig.<\/span><span style=\"font-size: 15px; font-style: normal; font-weight: 200; text-align: start;\"><br><\/span><\/p>\n<h3 style=\"margin-top: 40px; margin-bottom: 25px; font-style: normal; font-variant-numeric: inherit; font-variant-east-asian: inherit; font-weight: 400; font-stretch: inherit; font-size: 25px; line-height: 32px; text-transform: uppercase; color: rgb(51, 51, 51); letter-spacing: 0.5px;\">\u00a7 4 BESONDERE NUTZUNGSBEDINGUNGEN<\/h3>\n<p style=\"margin-bottom: 10px; font-style: normal; font-variant-numeric: inherit; font-variant-east-asian: inherit; font-weight: 200; font-stretch: inherit; font-family: &quot;Roboto Condensed&quot;, sans-serif; font-size: 15px; line-height: 21px; text-align: justify; color: rgb(51, 51, 51); letter-spacing: 0.5px;\"><span style=\"font-size: 15px; font-style: normal; font-weight: 200; text-align: start;\">Soweit besondere Bedingungen f\u00fcr einzelne Nutzungen dieser Website von den vorgenannten Paragraphen abweichen, wird an entsprechender Stelle ausdr\u00fccklich darauf hingewiesen. In diesem Falle gelten im jeweiligen Einzelfall die besonderen Nutzungsbedingungen.<\/span><span style=\"font-size: 15px; font-style: normal; font-weight: 200; text-align: start;\"><br><\/span><\/p><\/div>\n\t\t\t\t<\/div>\n\t\t\t\t<\/div>\n\t\t\t\t\t\t<\/div>\n\t\t\t\t\t<\/div>\n\t\t<\/div>\n\t\t\t\t<div class=\"elementor-column elementor-col-33 elementor-top-column elementor-element elementor-element-59c43dd\" data-id=\"59c43dd\" data-element_type=\"column\">\n\t\t\t<div class=\"elementor-column-wrap elementor-element-populated\">\n\t\t\t\t\t\t\t<div class=\"elementor-widget-wrap\">\n\t\t\t\t\t\t<div class=\"elementor-element elementor-element-6ff4922 elementor-widget elementor-widget-text-editor\" data-id=\"6ff4922\" data-element_type=\"widget\" data-widget_type=\"text-editor.default\">\n\t\t\t\t<div class=\"elementor-widget-container\">\n\t\t\t\t\t<div class=\"elementor-text-editor elementor-clearfix\"><p style=\"font-size: 15px; font-style: normal; font-weight: 400;\">DO YOU HAVE ANY QUESTIONS?<br style=\"font-family: 'Roboto Condensed', sans-serif; letter-spacing: 0.5px;\" \/><br style=\"font-family: 'Roboto Condensed', sans-serif; letter-spacing: 0.5px;\" \/><span style=\"font-family: 'Roboto Condensed', sans-serif; font-size: 15px; font-style: normal; font-weight: 200; letter-spacing: 0.5px; background-color: #1a3c90;\">We would be glad to help you! Please contact us:<\/span><br style=\"font-family: 'Roboto Condensed', sans-serif; letter-spacing: 0.5px;\" \/><br style=\"font-family: 'Roboto Condensed', sans-serif; letter-spacing: 0.5px;\" \/><span style=\"font-style: normal; font-variant-numeric: inherit; font-variant-east-asian: inherit; font-weight: bold; font-stretch: inherit; font-family: 'Roboto Condensed', sans-serif; font-size: 15px; line-height: 21px; letter-spacing: 0.5px;\">+49 (0)172 \/ 84 555 99<\/span><br style=\"font-family: 'Roboto Condensed', sans-serif; letter-spacing: 0.5px;\" \/><span style=\"font-style: normal; font-variant-numeric: inherit; font-variant-east-asian: inherit; font-weight: bold; font-stretch: inherit; font-family: 'Roboto Condensed', sans-serif; font-size: 15px; line-height: 21px; letter-spacing: 0.5px;\">info@s2m.berlin<\/span><\/p><\/div>\n\t\t\t\t<\/div>\n\t\t\t\t<\/div>\n\t\t\t\t\t\t<\/div>\n\t\t\t\t\t<\/div>\n\t\t<\/div>\n\t\t\t\t\t\t\t\t<\/div>\n\t\t\t\t\t<\/div>\n\t\t<\/section>\n\t\t\t\t<section class=\"elementor-section elementor-top-section elementor-element elementor-element-cb3f802 elementor-section-stretched elementor-section-boxed elementor-section-height-default elementor-section-height-default\" data-id=\"cb3f802\" data-element_type=\"section\" data-settings=\"{&quot;stretch_section&quot;:&quot;section-stretched&quot;}\">\n\t\t\t\t\t\t<div class=\"elementor-container elementor-column-gap-default\">\n\t\t\t\t\t\t\t<div class=\"elementor-row\">\n\t\t\t\t\t<div class=\"elementor-column elementor-col-100 elementor-top-column elementor-element elementor-element-57637b4\" data-id=\"57637b4\" data-element_type=\"column\">\n\t\t\t<div class=\"elementor-column-wrap elementor-element-populated\">\n\t\t\t\t\t\t\t<div class=\"elementor-widget-wrap\">\n\t\t\t\t\t\t<div class=\"elementor-element elementor-element-6c9b30a elementor-widget elementor-widget-spacer\" data-id=\"6c9b30a\" data-element_type=\"widget\" data-widget_type=\"spacer.default\">\n\t\t\t\t<div class=\"elementor-widget-container\">\n\t\t\t\t\t<div class=\"elementor-spacer\">\n\t\t\t<div class=\"elementor-spacer-inner\"><\/div>\n\t\t<\/div>\n\t\t\t\t<\/div>\n\t\t\t\t<\/div>\n\t\t\t\t\t\t<\/div>\n\t\t\t\t\t<\/div>\n\t\t<\/div>\n\t\t\t\t\t\t\t\t<\/div>\n\t\t\t\t\t<\/div>\n\t\t<\/section>\n\t\t\t\t\t\t<\/div>\n\t\t\t\t\t\t<\/div>\n\t\t\t\t\t<\/div>","protected":false},"excerpt":{"rendered":"<p>HOME PROFIL UND PERSONEN KONTAKT IMPRESSUM &#8222;Der Fortschritt lebt vom Austausch des Wissens.&#8220; ALBERT EINSTEIN (1879-1955) IMPRESSUM &nbsp; s2m &#8211; Gesellschaft f\u00fcr Technologietransfer mbHKurf\u00fcrstendamm 2810719 Berlin Telefon: +49 (0)172 \/ 84 555 99E-Mail:\u00a0info@s2m.berlin Vertreten durch:Dr.-Ing. Carsten S. Schr\u00f6der Registereintrag:Eingetragen im Handelsregister.Registergericht: Berlin Charlottenburg HRBRegisternummer: 172833 DISCLAIMER \u2013 RECHTLICHE HINWEISE \u00a7 1 WARNHINWEIS ZU INHALTEN Die &hellip;<\/p>\n<p class=\"read-more\"> <a class=\"\" href=\"http:\/\/s2m.berlin\/en\/impressum\/\"> <span class=\"screen-reader-text\">Impressum<\/span> Read More &raquo;<\/a><\/p>","protected":false},"author":1,"featured_media":0,"parent":0,"menu_order":0,"comment_status":"closed","ping_status":"closed","template":"","meta":[],"_links":{"self":[{"href":"http:\/\/s2m.berlin\/en\/wp-json\/wp\/v2\/pages\/42"}],"collection":[{"href":"http:\/\/s2m.berlin\/en\/wp-json\/wp\/v2\/pages"}],"about":[{"href":"http:\/\/s2m.berlin\/en\/wp-json\/wp\/v2\/types\/page"}],"author":[{"embeddable":true,"href":"http:\/\/s2m.berlin\/en\/wp-json\/wp\/v2\/users\/1"}],"replies":[{"embeddable":true,"href":"http:\/\/s2m.berlin\/en\/wp-json\/wp\/v2\/comments?post=42"}],"version-history":[{"count":81,"href":"http:\/\/s2m.berlin\/en\/wp-json\/wp\/v2\/pages\/42\/revisions"}],"predecessor-version":[{"id":1064,"href":"http:\/\/s2m.berlin\/en\/wp-json\/wp\/v2\/pages\/42\/revisions\/1064"}],"wp:attachment":[{"href":"http:\/\/s2m.berlin\/en\/wp-json\/wp\/v2\/media?parent=42"}],"curies":[{"name":"wp","href":"https:\/\/api.w.org\/{rel}","templated":true}]}}